{"id":42,"date":"2026-03-13T09:22:12","date_gmt":"2026-03-13T09:22:12","guid":{"rendered":"https:\/\/ribsolutions.fr\/?page_id=42"},"modified":"2026-03-13T09:27:21","modified_gmt":"2026-03-13T09:27:21","slug":"mentions-legales","status":"publish","type":"page","link":"https:\/\/ribsolutions.fr\/index.php\/mentions-legales\/","title":{"rendered":"Mentions l\u00e9gales"},"content":{"rendered":"\t\t<div data-elementor-type=\"wp-page\" data-elementor-id=\"42\" class=\"elementor elementor-42\" data-elementor-post-type=\"page\">\n\t\t\t\t<div class=\"elementor-element elementor-element-19cba455 e-flex e-con-boxed e-con e-parent\" data-id=\"19cba455\" data-element_type=\"container\" data-e-type=\"container\">\n\t\t\t\t\t<div class=\"e-con-inner\">\n\t\t\t\t<div class=\"elementor-element elementor-element-48cce015 elementor-widget elementor-widget-text-editor\" data-id=\"48cce015\" data-element_type=\"widget\" data-e-type=\"widget\" data-widget_type=\"text-editor.default\">\n\t\t\t\t\t\t\t\t\t\n<h2 id=\"1-diteur-du-site\" class=\"wp-block-heading\">\u00c9diteur du site<\/h2>\n\n<p>Le pr\u00e9sent site internet est \u00e9dit\u00e9 par :<br \/>EI RIBSOLUTIONS<br \/>SIREN : 990717175<br \/>Adresse e\u2011mail : <a href=\"mailto:contact@tondomaine.fr\" target=\"_blank\" rel=\"noreferrer noopener\">contact@ribsolutions.fr<\/a><br \/>Directeur de la publication : RIBSOLUTIONS<\/p>\n\n<h2 id=\"2-hbergement\" class=\"wp-block-heading\">H\u00e9bergement<\/h2>\n\n<p>Le site est h\u00e9berg\u00e9 par :<br \/>OVHcloud<br \/>SAS au capital de 10 174 560 \u20ac<br \/>RCS Lille M\u00e9tropole 424 761 419<br \/>Si\u00e8ge social : 2, rue Kellermann, 59100 Roubaix, France<br \/>T\u00e9l\u00e9phone : 1007 (appel non surtax\u00e9).<\/p>\n\n<h2 id=\"3-proprit-intellectuelle\" class=\"wp-block-heading\">Propri\u00e9t\u00e9 intellectuelle<\/h2>\n\n<p>L\u2019ensemble des \u00e9l\u00e9ments pr\u00e9sents sur ce site (textes, images, graphismes, logo, ic\u00f4nes, etc.) sont, sauf indication contraire, la propri\u00e9t\u00e9 exclusive de RIBSOLUTIONS.\u200b<br \/>Toute reproduction, repr\u00e9sentation, modification, publication, adaptation de tout ou partie des \u00e9l\u00e9ments du site, par quelque moyen que ce soit, est interdite sans l\u2019autorisation \u00e9crite pr\u00e9alable de l\u2019\u00e9diteur.<\/p>\n\n<h2 id=\"4-responsabilit\" class=\"wp-block-heading\">Responsabilit\u00e9<\/h2>\n\n<p>L\u2019\u00e9diteur du site met tout en \u0153uvre pour fournir des informations \u00e0 jour et exactes mais ne saurait \u00eatre tenu pour responsable des erreurs, omissions ou d\u2019une indisponibilit\u00e9 du service.<br \/>L\u2019utilisateur reconna\u00eet utiliser les informations et outils disponibles sur le site sous sa responsabilit\u00e9 exclusive.\u200b<\/p>\n\n<h2 id=\"5-donnes-personnelles\" class=\"wp-block-heading\">Donn\u00e9es personnelles<\/h2>\n\n<p>Aucune donn\u00e9e personnelle n\u2019est collect\u00e9e via ce site, aucun formulaire de contact ni espace client n\u2019\u00e9tant propos\u00e9.<br \/>Aucune information nominative n\u2019est enregistr\u00e9e, ni transmise \u00e0 des tiers, ni utilis\u00e9e \u00e0 des fins de prospection commerciale.<\/p>\n\n<h2 id=\"6-cookies\" class=\"wp-block-heading\">Cookies<\/h2>\n\n<p>Le site n\u2019utilise pas de cookies de suivi, de mesure d\u2019audience ou de publicit\u00e9.<br \/>Seuls peuvent \u00eatre utilis\u00e9s, le cas \u00e9ch\u00e9ant, des cookies strictement n\u00e9cessaires au fonctionnement technique du site, qui ne permettent pas de suivre la navigation de l\u2019utilisateur \u00e0 des fins statistiques ou commerciales.<\/p>\n\n<h2 id=\"7-droit-applicable\" class=\"wp-block-heading\">Droit applicable<\/h2>\n\n<p>Les pr\u00e9sentes mentions l\u00e9gales sont r\u00e9gies par le droit fran\u00e7ais.<br \/>En cas de litige et \u00e0 d\u00e9faut de r\u00e9solution amiable, les tribunaux fran\u00e7ais seront seuls comp\u00e9tents.<\/p>\n\t\t\t\t\t\t\t\t<\/div>\n\t\t\t\t\t<\/div>\n\t\t\t\t<\/div>\n\t\t\t\t<\/div>\n\t\t","protected":false},"excerpt":{"rendered":"<p>\u00c9diteur du site Le pr\u00e9sent site internet est \u00e9dit\u00e9 par :EI RIBSOLUTIONSSIREN : 990717175Adresse e\u2011mail : contact@ribsolutions.frDirecteur de la publication : RIBSOLUTIONS H\u00e9bergement Le site est h\u00e9berg\u00e9 par :OVHcloudSAS au capital de 10 174 560 \u20acRCS Lille M\u00e9tropole 424 761 419Si\u00e8ge social : 2, rue Kellermann, 59100 Roubaix, FranceT\u00e9l\u00e9phone : 1007 (appel non surtax\u00e9). Propri\u00e9t\u00e9 [&hellip;]<\/p>\n","protected":false},"author":1,"featured_media":0,"parent":0,"menu_order":0,"comment_status":"closed","ping_status":"closed","template":"elementor_header_footer","meta":{"footnotes":""},"class_list":["post-42","page","type-page","status-publish","hentry"],"_links":{"self":[{"href":"https:\/\/ribsolutions.fr\/index.php\/wp-json\/wp\/v2\/pages\/42","targetHints":{"allow":["GET"]}}],"collection":[{"href":"https:\/\/ribsolutions.fr\/index.php\/wp-json\/wp\/v2\/pages"}],"about":[{"href":"https:\/\/ribsolutions.fr\/index.php\/wp-json\/wp\/v2\/types\/page"}],"author":[{"embeddable":true,"href":"https:\/\/ribsolutions.fr\/index.php\/wp-json\/wp\/v2\/users\/1"}],"replies":[{"embeddable":true,"href":"https:\/\/ribsolutions.fr\/index.php\/wp-json\/wp\/v2\/comments?post=42"}],"version-history":[{"count":5,"href":"https:\/\/ribsolutions.fr\/index.php\/wp-json\/wp\/v2\/pages\/42\/revisions"}],"predecessor-version":[{"id":53,"href":"https:\/\/ribsolutions.fr\/index.php\/wp-json\/wp\/v2\/pages\/42\/revisions\/53"}],"wp:attachment":[{"href":"https:\/\/ribsolutions.fr\/index.php\/wp-json\/wp\/v2\/media?parent=42"}],"curies":[{"name":"wp","href":"https:\/\/api.w.org\/{rel}","templated":true}]}}